{"id":9600,"date":"2021-09-13T13:55:47","date_gmt":"2021-09-13T11:55:47","guid":{"rendered":"https:\/\/oldgrit.codastudio.se\/our-custumers\/"},"modified":"2021-09-13T13:55:47","modified_gmt":"2021-09-13T11:55:47","slug":"our-custumers","status":"publish","type":"page","link":"https:\/\/oldgrit.codastudio.se\/en\/our-custumers\/","title":{"rendered":"Our custumers"},"content":{"rendered":"","protected":false},"excerpt":{"rendered":"","protected":false},"author":10,"featured_media":0,"parent":0,"menu_order":3,"comment_status":"closed","ping_status":"closed","template":"","meta":{"_acf_changed":false,"content-type":"","site-sidebar-layout":"no-sidebar","site-content-layout":"page-builder","ast-site-content-layout":"full-width-container","site-content-style":"default","site-sidebar-style":"default","ast-global-header-display":"","ast-banner-title-visibility":"","ast-main-header-display":"","ast-hfb-above-header-display":"","ast-hfb-below-header-display":"","ast-hfb-mobile-header-display":"","site-post-title":"disabled","ast-breadcrumbs-content":"","ast-featured-img":"disabled","footer-sml-layout":"","ast-disable-related-posts":"","theme-transparent-header-meta":"default","adv-header-id-meta":"","stick-header-meta":"default","header-above-stick-meta":"","header-main-stick-meta":"","header-below-stick-meta":"","astra-migrate-meta-layouts":"default","ast-page-background-enabled":"default","ast-page-background-meta":{"desktop":{"background-color":"","background-image":"","background-repeat":"repeat","background-position":"center center","background-size":"auto","background-attachment":"scroll","background-type":"","background-media":"","overlay-type":"","overlay-color":"","overlay-opacity":"","overlay-gradient":""},"tablet":{"background-color":"","background-image":"","background-repeat":"repeat","background-position":"center center","background-size":"auto","background-attachment":"scroll","background-type":"","background-media":"","overlay-type":"","overlay-color":"","overlay-opacity":"","overlay-gradient":""},"mobile":{"background-color":"","background-image":"","background-repeat":"repeat","background-position":"center center","background-size":"auto","background-attachment":"scroll","background-type":"","background-media":"","overlay-type":"","overlay-color":"","overlay-opacity":"","overlay-gradient":""}},"ast-content-background-meta":{"desktop":{"background-color":"var(--ast-global-color-5)","background-image":"","background-repeat":"repeat","background-position":"center center","background-size":"auto","background-attachment":"scroll","background-type":"","background-media":"","overlay-type":"","overlay-color":"","overlay-opacity":"","overlay-gradient":""},"tablet":{"background-color":"var(--ast-global-color-5)","background-image":"","background-repeat":"repeat","background-position":"center center","background-size":"auto","background-attachment":"scroll","background-type":"","background-media":"","overlay-type":"","overlay-color":"","overlay-opacity":"","overlay-gradient":""},"mobile":{"background-color":"var(--ast-global-color-5)","background-image":"","background-repeat":"repeat","background-position":"center center","background-size":"auto","background-attachment":"scroll","background-type":"","background-media":"","overlay-type":"","overlay-color":"","overlay-opacity":"","overlay-gradient":""}},"footnotes":""},"class_list":["post-9600","page","type-page","status-publish","hentry"],"acf":[],"yoast_head":"<!-- This site is optimized with the Yoast SEO plugin v25.8 - https:\/\/yoast.com\/wordpress\/plugins\/seo\/ -->\n<title>Our custumers - Grit Media<\/title>\n<meta name=\"robots\" content=\"noindex, follow, max-snippet:-1, max-image-preview:large, max-video-preview:-1\" \/>\n<meta property=\"og:locale\" content=\"en_US\" \/>\n<meta property=\"og:type\" content=\"article\" \/>\n<meta property=\"og:title\" content=\"Our custumers - Grit Media\" \/>\n<meta property=\"og:url\" content=\"https:\/\/oldgrit.codastudio.se\/our-custumers\/\" \/>\n<meta property=\"og:site_name\" content=\"Grit Media\" \/>\n<meta name=\"twitter:card\" content=\"summary_large_image\" \/>\n<script type=\"application\/ld+json\" class=\"yoast-schema-graph\">{\"@context\":\"https:\/\/schema.org\",\"@graph\":[{\"@type\":\"WebPage\",\"@id\":\"https:\/\/oldgrit.codastudio.se\/our-custumers\/\",\"url\":\"https:\/\/oldgrit.codastudio.se\/our-custumers\/\",\"name\":\"Our custumers - Grit Media\",\"isPartOf\":{\"@id\":\"https:\/\/oldgrit.codastudio.se\/#website\"},\"datePublished\":\"2021-09-13T11:55:47+00:00\",\"breadcrumb\":{\"@id\":\"https:\/\/oldgrit.codastudio.se\/our-custumers\/#breadcrumb\"},\"inLanguage\":\"en-US\",\"potentialAction\":[{\"@type\":\"ReadAction\",\"target\":[\"https:\/\/oldgrit.codastudio.se\/our-custumers\/\"]}]},{\"@type\":\"BreadcrumbList\",\"@id\":\"https:\/\/oldgrit.codastudio.se\/our-custumers\/#breadcrumb\",\"itemListElement\":[{\"@type\":\"ListItem\",\"position\":1,\"name\":\"Hem\",\"item\":\"https:\/\/oldgrit.codastudio.se\/\"},{\"@type\":\"ListItem\",\"position\":2,\"name\":\"Our custumers\"}]},{\"@type\":\"WebSite\",\"@id\":\"https:\/\/oldgrit.codastudio.se\/#website\",\"url\":\"https:\/\/oldgrit.codastudio.se\/\",\"name\":\"Grit Media\",\"description\":\"Din marknadsf\u00f6ringsbyr\u00e5 f\u00f6r smarta mediek\u00f6p\",\"publisher\":{\"@id\":\"https:\/\/oldgrit.codastudio.se\/#organization\"},\"potentialAction\":[{\"@type\":\"SearchAction\",\"target\":{\"@type\":\"EntryPoint\",\"urlTemplate\":\"https:\/\/oldgrit.codastudio.se\/?s={search_term_string}\"},\"query-input\":{\"@type\":\"PropertyValueSpecification\",\"valueRequired\":true,\"valueName\":\"search_term_string\"}}],\"inLanguage\":\"en-US\"},{\"@type\":\"Organization\",\"@id\":\"https:\/\/oldgrit.codastudio.se\/#organization\",\"name\":\"Grit Media\",\"url\":\"https:\/\/oldgrit.codastudio.se\/\",\"logo\":{\"@type\":\"ImageObject\",\"inLanguage\":\"en-US\",\"@id\":\"https:\/\/oldgrit.codastudio.se\/#\/schema\/logo\/image\/\",\"url\":\"https:\/\/oldgrit.codastudio.se\/wp-content\/uploads\/2019\/05\/Grit-logo-white.png\",\"contentUrl\":\"https:\/\/oldgrit.codastudio.se\/wp-content\/uploads\/2019\/05\/Grit-logo-white.png\",\"width\":500,\"height\":160,\"caption\":\"Grit Media\"},\"image\":{\"@id\":\"https:\/\/oldgrit.codastudio.se\/#\/schema\/logo\/image\/\"}}]}<\/script>\n<!-- \/ Yoast SEO plugin. -->","yoast_head_json":{"title":"Our custumers - Grit Media","robots":{"index":"noindex","follow":"follow","max-snippet":"max-snippet:-1","max-image-preview":"max-image-preview:large","max-video-preview":"max-video-preview:-1"},"og_locale":"en_US","og_type":"article","og_title":"Our custumers - Grit Media","og_url":"https:\/\/oldgrit.codastudio.se\/our-custumers\/","og_site_name":"Grit Media","twitter_card":"summary_large_image","schema":{"@context":"https:\/\/schema.org","@graph":[{"@type":"WebPage","@id":"https:\/\/oldgrit.codastudio.se\/our-custumers\/","url":"https:\/\/oldgrit.codastudio.se\/our-custumers\/","name":"Our custumers - Grit Media","isPartOf":{"@id":"https:\/\/oldgrit.codastudio.se\/#website"},"datePublished":"2021-09-13T11:55:47+00:00","breadcrumb":{"@id":"https:\/\/oldgrit.codastudio.se\/our-custumers\/#breadcrumb"},"inLanguage":"en-US","potentialAction":[{"@type":"ReadAction","target":["https:\/\/oldgrit.codastudio.se\/our-custumers\/"]}]},{"@type":"BreadcrumbList","@id":"https:\/\/oldgrit.codastudio.se\/our-custumers\/#breadcrumb","itemListElement":[{"@type":"ListItem","position":1,"name":"Hem","item":"https:\/\/oldgrit.codastudio.se\/"},{"@type":"ListItem","position":2,"name":"Our custumers"}]},{"@type":"WebSite","@id":"https:\/\/oldgrit.codastudio.se\/#website","url":"https:\/\/oldgrit.codastudio.se\/","name":"Grit Media","description":"Din marknadsf\u00f6ringsbyr\u00e5 f\u00f6r smarta mediek\u00f6p","publisher":{"@id":"https:\/\/oldgrit.codastudio.se\/#organization"},"potentialAction":[{"@type":"SearchAction","target":{"@type":"EntryPoint","urlTemplate":"https:\/\/oldgrit.codastudio.se\/?s={search_term_string}"},"query-input":{"@type":"PropertyValueSpecification","valueRequired":true,"valueName":"search_term_string"}}],"inLanguage":"en-US"},{"@type":"Organization","@id":"https:\/\/oldgrit.codastudio.se\/#organization","name":"Grit Media","url":"https:\/\/oldgrit.codastudio.se\/","logo":{"@type":"ImageObject","inLanguage":"en-US","@id":"https:\/\/oldgrit.codastudio.se\/#\/schema\/logo\/image\/","url":"https:\/\/oldgrit.codastudio.se\/wp-content\/uploads\/2019\/05\/Grit-logo-white.png","contentUrl":"https:\/\/oldgrit.codastudio.se\/wp-content\/uploads\/2019\/05\/Grit-logo-white.png","width":500,"height":160,"caption":"Grit Media"},"image":{"@id":"https:\/\/oldgrit.codastudio.se\/#\/schema\/logo\/image\/"}}]}},"_links":{"self":[{"href":"https:\/\/oldgrit.codastudio.se\/en\/wp-json\/wp\/v2\/pages\/9600","targetHints":{"allow":["GET"]}}],"collection":[{"href":"https:\/\/oldgrit.codastudio.se\/en\/wp-json\/wp\/v2\/pages"}],"about":[{"href":"https:\/\/oldgrit.codastudio.se\/en\/wp-json\/wp\/v2\/types\/page"}],"author":[{"embeddable":true,"href":"https:\/\/oldgrit.codastudio.se\/en\/wp-json\/wp\/v2\/users\/10"}],"replies":[{"embeddable":true,"href":"https:\/\/oldgrit.codastudio.se\/en\/wp-json\/wp\/v2\/comments?post=9600"}],"version-history":[{"count":0,"href":"https:\/\/oldgrit.codastudio.se\/en\/wp-json\/wp\/v2\/pages\/9600\/revisions"}],"wp:attachment":[{"href":"https:\/\/oldgrit.codastudio.se\/en\/wp-json\/wp\/v2\/media?parent=9600"}],"curies":[{"name":"wp","href":"https:\/\/api.w.org\/{rel}","templated":true}]}}